{"id":4263,"date":"2021-11-15T13:52:28","date_gmt":"2021-11-15T12:52:28","guid":{"rendered":"https:\/\/offard.geek-tonic.dev\/mentions-legales\/"},"modified":"2024-04-15T15:49:46","modified_gmt":"2024-04-15T13:49:46","slug":"legale-erwahnungen","status":"publish","type":"page","link":"http:\/\/offard.geek-tonic.dev\/de\/legale-erwahnungen\/","title":{"rendered":"Rechtliche Hinweise"},"content":{"rendered":"<section id=\"ls-section-block_530a9813539dde6c93ad3d4a0155091a\" class=\"ls-section  has-background has-color-4-background-color has-m-t m-t-0 has-m-b m-b-0 has-p-t p-t-14 has-p-b p-b-14\" >\r\n        <div class=\"container \">\r\n        \n\n<h1 class=\"ls__heading wp-block-heading has-text-align-center ls__heading-undefined has-color-1-color has-text-color has-large-font-size\"> RECHTLICHE HINWEISE <\/h1>\n\n\n\n<h2 class=\"ls__heading wp-block-heading ls__heading-undefined has-color-1-color has-text-color\">Herausgeber der Seite<\/h2>\n\n\n\n<p class=\"ls-paragraph ls__paragraph\"><strong>Flower Camping L&#8217;\u00cele d&#8217;Offard<br\/><\/strong>Rue de Verden<br\/>49400 Saumur<\/p>\n\n\n\n<p class=\"ls-paragraph ls__paragraph\">Tel: 02 41 40 30 00<\/p>\n\n\n\n<p class=\"ls-paragraph ls__paragraph\">Handelsregister Versailles B 349 034 892<br\/>Intrakommunale Mehrwertsteuer: FR 84 512445883<br\/>Siret 512 445 883 00097<\/p>\n\n\n\n<p class=\"ls-paragraph\">Gesellschaftskapital: 10.000 \u20ac<\/p>\n\n\n\n<p class=\"ls-paragraph\">Redaktionsleiter &amp; Publikationsleiter: Paul Combes<\/p>\n\n\n\n<h2 class=\"ls__heading wp-block-heading ls__heading-undefined has-color-1-color has-text-color\">Umsetzung<\/h2>\n\n\n\n<p class=\"ls-paragraph ls__paragraph\">GEEK TONIC<br\/>Vertreten durch Herrn Yohan Darmayan in seiner Funktion als Gesch\u00e4ftsf\u00fchrer<br\/>Hauptsitz: 1 ALL PIERRE GEORGES LATECOERE 64200 BIARRITZ<br\/>Tel: 05 32 74 11 52<br\/>E-Mail: support@geek-tonic.com<br\/>Website: <a href=\"https:\/\/www.geek-tonic.com\" target=\"_blank\" rel=\"noreferrer noopener\">www.geek-tonic.com<\/a><br\/>SIRET: 89746755100015<br\/>APE: 6201Z<\/p>\n\n\n\n<h2 class=\"ls__heading wp-block-heading ls__heading-undefined has-color-1-color has-text-color\">Urheberrechte und Copyrights<\/h2>\n\n\n\n<p class=\"ls-paragraph ls__paragraph\">Der gesamte Inhalt dieser Website unterliegt dem Urheberrecht sowie dem geistigen Eigentum der franz\u00f6sischen Gesetzgebung. Jegliche Vervielf\u00e4ltigung (einschlie\u00dflich Fotos, Icons und herunterladbarer Dokumente) ist ohne vorherige Zustimmung von GEEK TONIC untersagt. Die Vervielf\u00e4ltigung der gesamten oder eines Teils der Website auf einem elektronischen Datentr\u00e4ger in einem Papier- oder elektronischen Format ist untersagt. GEEK TONIC \u00fcbernimmt keine Verantwortung f\u00fcr den Inhalt auf der Website. GEEK TONIC \u00fcbernimmt auch keine Verantwortung f\u00fcr externe Links, die auf die vorliegende Seite verweisen.<\/p>\n\n\n\n<h2 class=\"ls__heading wp-block-heading ls__heading-undefined has-color-1-color has-text-color\">Pers\u00f6nliche Daten und namentliche Informationen<\/h2>\n\n\n\n<p class=\"ls-paragraph ls__paragraph\">Sie haben ein Recht auf Zugang, \u00c4nderung, Berichtigung und L\u00f6schung der Sie betreffenden Daten gem\u00e4\u00df Artikel 34 des Gesetzes &#8222;Informatique et Libert\u00e9s&#8220; Nr. 78-17 vom 6. Januar 1978, ge\u00e4ndert am 6. August 2004. Um dieses Recht auf Zugang zu entfalten, k\u00f6nnen Sie dies durch eine einfache schriftliche Anfrage an den Herausgeber der Website tun.<\/p>\n\n\n\n<h2 class=\"ls__heading wp-block-heading ls__heading-undefined has-color-1-color has-text-color\">Gesetzgebung<\/h2>\n\n\n\n<p class=\"ls-paragraph ls__paragraph\">Gem\u00e4\u00df dem Gesetz vom 11. M\u00e4rz 1957 (Art. 41) und dem Gesetz \u00fcber geistiges Eigentum vom 1. Juli 1992 ist es verboten, einen Teil der Website ohne vorherige Genehmigung des Herausgebers der Website teilweise oder vollst\u00e4ndig zu vervielf\u00e4ltigen. Logos, Visualisierungen, Fotos, Videos, Grafikcharts und Texte sind Eigentum ihrer jeweiligen Besitzer. Diese Website kann ohne ihr Wissen mit anderen Websites \u00fcber Hypermedia-Links verbunden worden sein. Der Herausgeber der Website \u00fcbernimmt keine Verantwortung f\u00fcr die Informationen, die auf diesen anderen Websites dargestellt werden. Der Internetnutzer erkennt an, dass die Nutzung dieser Website dem franz\u00f6sischen Recht unterliegt.<\/p>\n\n\r\n    <\/div>\r\n<\/section>","protected":false},"excerpt":{"rendered":"","protected":false},"author":1,"featured_media":4059,"parent":0,"menu_order":0,"comment_status":"closed","ping_status":"closed","template":"","meta":{"_acf_changed":false,"footnotes":""},"sujet":[],"class_list":["post-4263","page","type-page","status-publish","has-post-thumbnail","hentry"],"acf":[],"yoast_head":"<!-- This site is optimized with the Yoast SEO plugin v23.9 - https:\/\/yoast.com\/wordpress\/plugins\/seo\/ -->\n<title>Rechtliche Hinweise - Camping L&#039;ile d&#039;Offard<\/title>\n<meta name=\"robots\" content=\"noindex, nofollow\" \/>\n<meta property=\"og:locale\" content=\"de_DE\" \/>\n<meta property=\"og:type\" content=\"article\" \/>\n<meta property=\"og:title\" content=\"Rechtliche Hinweise - Camping L&#039;ile d&#039;Offard\" \/>\n<meta property=\"og:url\" content=\"http:\/\/offard.geek-tonic.dev\/de\/legale-erwahnungen\/\" \/>\n<meta property=\"og:site_name\" content=\"Camping L&#039;ile d&#039;Offard\" \/>\n<meta property=\"article:modified_time\" content=\"2024-04-15T13:49:46+00:00\" \/>\n<meta property=\"og:image\" content=\"https:\/\/offard.geek-tonic.dev\/wp-content\/uploads\/sites\/17\/2022\/02\/saumur-aerien.jpg\" \/>\n\t<meta property=\"og:image:width\" content=\"1900\" \/>\n\t<meta property=\"og:image:height\" content=\"701\" \/>\n\t<meta property=\"og:image:type\" content=\"image\/jpeg\" \/>\n<meta name=\"twitter:card\" content=\"summary_large_image\" \/>\n<meta name=\"twitter:label1\" content=\"Gesch\u00e4tzte Lesezeit\" \/>\n\t<meta name=\"twitter:data1\" content=\"2\u00a0Minuten\" \/>\n<script type=\"application\/ld+json\" class=\"yoast-schema-graph\">{\"@context\":\"https:\/\/schema.org\",\"@graph\":[{\"@type\":\"WebPage\",\"@id\":\"http:\/\/offard.geek-tonic.dev\/de\/legale-erwahnungen\/\",\"url\":\"http:\/\/offard.geek-tonic.dev\/de\/legale-erwahnungen\/\",\"name\":\"Rechtliche Hinweise - Camping L&#039;ile d&#039;Offard\",\"isPartOf\":{\"@id\":\"https:\/\/offard.geek-tonic.dev\/de\/#website\"},\"primaryImageOfPage\":{\"@id\":\"http:\/\/offard.geek-tonic.dev\/de\/legale-erwahnungen\/#primaryimage\"},\"image\":{\"@id\":\"http:\/\/offard.geek-tonic.dev\/de\/legale-erwahnungen\/#primaryimage\"},\"thumbnailUrl\":\"https:\/\/offard.geek-tonic.dev\/wp-content\/uploads\/sites\/17\/2022\/02\/saumur-aerien.jpg\",\"datePublished\":\"2021-11-15T12:52:28+00:00\",\"dateModified\":\"2024-04-15T13:49:46+00:00\",\"breadcrumb\":{\"@id\":\"http:\/\/offard.geek-tonic.dev\/de\/legale-erwahnungen\/#breadcrumb\"},\"inLanguage\":\"de\",\"potentialAction\":[{\"@type\":\"ReadAction\",\"target\":[\"http:\/\/offard.geek-tonic.dev\/de\/legale-erwahnungen\/\"]}]},{\"@type\":\"ImageObject\",\"inLanguage\":\"de\",\"@id\":\"http:\/\/offard.geek-tonic.dev\/de\/legale-erwahnungen\/#primaryimage\",\"url\":\"https:\/\/offard.geek-tonic.dev\/wp-content\/uploads\/sites\/17\/2022\/02\/saumur-aerien.jpg\",\"contentUrl\":\"https:\/\/offard.geek-tonic.dev\/wp-content\/uploads\/sites\/17\/2022\/02\/saumur-aerien.jpg\",\"width\":1900,\"height\":701,\"caption\":\"saumur aerien\"},{\"@type\":\"BreadcrumbList\",\"@id\":\"http:\/\/offard.geek-tonic.dev\/de\/legale-erwahnungen\/#breadcrumb\",\"itemListElement\":[{\"@type\":\"ListItem\",\"position\":1,\"name\":\"Campingplatz Loiretal\",\"item\":\"http:\/\/offard.geek-tonic.dev\/de\/\"},{\"@type\":\"ListItem\",\"position\":2,\"name\":\"Rechtliche Hinweise\"}]},{\"@type\":\"WebSite\",\"@id\":\"https:\/\/offard.geek-tonic.dev\/de\/#website\",\"url\":\"https:\/\/offard.geek-tonic.dev\/de\/\",\"name\":\"Camping L&#039;ile d&#039;Offard\",\"description\":\"\",\"publisher\":{\"@id\":\"https:\/\/offard.geek-tonic.dev\/de\/#organization\"},\"potentialAction\":[{\"@type\":\"SearchAction\",\"target\":{\"@type\":\"EntryPoint\",\"urlTemplate\":\"https:\/\/offard.geek-tonic.dev\/de\/?s={search_term_string}\"},\"query-input\":{\"@type\":\"PropertyValueSpecification\",\"valueRequired\":true,\"valueName\":\"search_term_string\"}}],\"inLanguage\":\"de\"},{\"@type\":\"Organization\",\"@id\":\"https:\/\/offard.geek-tonic.dev\/de\/#organization\",\"name\":\"Camping L&#039;ile d&#039;Offard\",\"url\":\"https:\/\/offard.geek-tonic.dev\/de\/\",\"logo\":{\"@type\":\"ImageObject\",\"inLanguage\":\"de\",\"@id\":\"https:\/\/offard.geek-tonic.dev\/de\/#\/schema\/logo\/image\/\",\"url\":\"https:\/\/offard.geek-tonic.dev\/wp-content\/uploads\/sites\/17\/2022\/05\/cropped-logo-Flower-camping-Camping-L-ile-d-Offard.png\",\"contentUrl\":\"https:\/\/offard.geek-tonic.dev\/wp-content\/uploads\/sites\/17\/2022\/05\/cropped-logo-Flower-camping-Camping-L-ile-d-Offard.png\",\"width\":500,\"height\":660,\"caption\":\"Camping L&#039;ile d&#039;Offard\"},\"image\":{\"@id\":\"https:\/\/offard.geek-tonic.dev\/de\/#\/schema\/logo\/image\/\"}}]}<\/script>\n<!-- \/ Yoast SEO plugin. -->","yoast_head_json":{"title":"Rechtliche Hinweise - Camping L&#039;ile d&#039;Offard","robots":{"index":"noindex","follow":"nofollow"},"og_locale":"de_DE","og_type":"article","og_title":"Rechtliche Hinweise - Camping L&#039;ile d&#039;Offard","og_url":"http:\/\/offard.geek-tonic.dev\/de\/legale-erwahnungen\/","og_site_name":"Camping L&#039;ile d&#039;Offard","article_modified_time":"2024-04-15T13:49:46+00:00","og_image":[{"width":1900,"height":701,"url":"https:\/\/offard.geek-tonic.dev\/wp-content\/uploads\/sites\/17\/2022\/02\/saumur-aerien.jpg","type":"image\/jpeg"}],"twitter_card":"summary_large_image","twitter_misc":{"Gesch\u00e4tzte Lesezeit":"2\u00a0Minuten"},"schema":{"@context":"https:\/\/schema.org","@graph":[{"@type":"WebPage","@id":"http:\/\/offard.geek-tonic.dev\/de\/legale-erwahnungen\/","url":"http:\/\/offard.geek-tonic.dev\/de\/legale-erwahnungen\/","name":"Rechtliche Hinweise - Camping L&#039;ile d&#039;Offard","isPartOf":{"@id":"https:\/\/offard.geek-tonic.dev\/de\/#website"},"primaryImageOfPage":{"@id":"http:\/\/offard.geek-tonic.dev\/de\/legale-erwahnungen\/#primaryimage"},"image":{"@id":"http:\/\/offard.geek-tonic.dev\/de\/legale-erwahnungen\/#primaryimage"},"thumbnailUrl":"https:\/\/offard.geek-tonic.dev\/wp-content\/uploads\/sites\/17\/2022\/02\/saumur-aerien.jpg","datePublished":"2021-11-15T12:52:28+00:00","dateModified":"2024-04-15T13:49:46+00:00","breadcrumb":{"@id":"http:\/\/offard.geek-tonic.dev\/de\/legale-erwahnungen\/#breadcrumb"},"inLanguage":"de","potentialAction":[{"@type":"ReadAction","target":["http:\/\/offard.geek-tonic.dev\/de\/legale-erwahnungen\/"]}]},{"@type":"ImageObject","inLanguage":"de","@id":"http:\/\/offard.geek-tonic.dev\/de\/legale-erwahnungen\/#primaryimage","url":"https:\/\/offard.geek-tonic.dev\/wp-content\/uploads\/sites\/17\/2022\/02\/saumur-aerien.jpg","contentUrl":"https:\/\/offard.geek-tonic.dev\/wp-content\/uploads\/sites\/17\/2022\/02\/saumur-aerien.jpg","width":1900,"height":701,"caption":"saumur aerien"},{"@type":"BreadcrumbList","@id":"http:\/\/offard.geek-tonic.dev\/de\/legale-erwahnungen\/#breadcrumb","itemListElement":[{"@type":"ListItem","position":1,"name":"Campingplatz Loiretal","item":"http:\/\/offard.geek-tonic.dev\/de\/"},{"@type":"ListItem","position":2,"name":"Rechtliche Hinweise"}]},{"@type":"WebSite","@id":"https:\/\/offard.geek-tonic.dev\/de\/#website","url":"https:\/\/offard.geek-tonic.dev\/de\/","name":"Camping L&#039;ile d&#039;Offard","description":"","publisher":{"@id":"https:\/\/offard.geek-tonic.dev\/de\/#organization"},"potentialAction":[{"@type":"SearchAction","target":{"@type":"EntryPoint","urlTemplate":"https:\/\/offard.geek-tonic.dev\/de\/?s={search_term_string}"},"query-input":{"@type":"PropertyValueSpecification","valueRequired":true,"valueName":"search_term_string"}}],"inLanguage":"de"},{"@type":"Organization","@id":"https:\/\/offard.geek-tonic.dev\/de\/#organization","name":"Camping L&#039;ile d&#039;Offard","url":"https:\/\/offard.geek-tonic.dev\/de\/","logo":{"@type":"ImageObject","inLanguage":"de","@id":"https:\/\/offard.geek-tonic.dev\/de\/#\/schema\/logo\/image\/","url":"https:\/\/offard.geek-tonic.dev\/wp-content\/uploads\/sites\/17\/2022\/05\/cropped-logo-Flower-camping-Camping-L-ile-d-Offard.png","contentUrl":"https:\/\/offard.geek-tonic.dev\/wp-content\/uploads\/sites\/17\/2022\/05\/cropped-logo-Flower-camping-Camping-L-ile-d-Offard.png","width":500,"height":660,"caption":"Camping L&#039;ile d&#039;Offard"},"image":{"@id":"https:\/\/offard.geek-tonic.dev\/de\/#\/schema\/logo\/image\/"}}]}},"_links":{"self":[{"href":"http:\/\/offard.geek-tonic.dev\/de\/wp-json\/wp\/v2\/pages\/4263","targetHints":{"allow":["GET"]}}],"collection":[{"href":"http:\/\/offard.geek-tonic.dev\/de\/wp-json\/wp\/v2\/pages"}],"about":[{"href":"http:\/\/offard.geek-tonic.dev\/de\/wp-json\/wp\/v2\/types\/page"}],"author":[{"embeddable":true,"href":"http:\/\/offard.geek-tonic.dev\/de\/wp-json\/wp\/v2\/users\/1"}],"replies":[{"embeddable":true,"href":"http:\/\/offard.geek-tonic.dev\/de\/wp-json\/wp\/v2\/comments?post=4263"}],"version-history":[{"count":7,"href":"http:\/\/offard.geek-tonic.dev\/de\/wp-json\/wp\/v2\/pages\/4263\/revisions"}],"predecessor-version":[{"id":36197,"href":"http:\/\/offard.geek-tonic.dev\/de\/wp-json\/wp\/v2\/pages\/4263\/revisions\/36197"}],"wp:featuredmedia":[{"embeddable":true,"href":"http:\/\/offard.geek-tonic.dev\/de\/wp-json\/wp\/v2\/media\/4059"}],"wp:attachment":[{"href":"http:\/\/offard.geek-tonic.dev\/de\/wp-json\/wp\/v2\/media?parent=4263"}],"wp:term":[{"taxonomy":"sujet","embeddable":true,"href":"http:\/\/offard.geek-tonic.dev\/de\/wp-json\/wp\/v2\/sujet?post=4263"}],"curies":[{"name":"wp","href":"https:\/\/api.w.org\/{rel}","templated":true}]}}